{"id":2,"date":"2022-01-23T13:17:48","date_gmt":"2022-01-23T13:17:48","guid":{"rendered":"http:\/\/www.basaranhukukofisi.com\/?page_id=2"},"modified":"2022-02-03T20:08:32","modified_gmt":"2022-02-03T20:08:32","slug":"iletisim","status":"publish","type":"page","link":"http:\/\/www.basaranhukukofisi.com\/index.php\/iletisim\/","title":{"rendered":"\u0130leti\u015fim"},"content":{"rendered":"\n<p>Size daha iyi destek olabilmek i\u00e7in l\u00fctfen bizimle ileti\u015fime ge\u00e7in.<\/p>\n\n\n\n<blockquote class=\"wp-block-quote is-style-default\"><p>info@basaranhukukofisi.com<\/p><\/blockquote>\n\n\n\n<hr class=\"wp-block-separator\"\/>\n\n\n\n<p>Bizi her zaman burada bulabilirsiniz.<\/p>\n\n\n\n<blockquote class=\"wp-block-quote\"><p>Mahmudye Mah. 4830 Sk. No:2 Soylu Business Plaza<\/p><p>Kat:7 No:93<\/p><p>Akdeniz\/Mersin<\/p><\/blockquote>\n\n\n\n<hr class=\"wp-block-separator\"\/>\n\n\n\n<div style=\"height:100px\" aria-hidden=\"true\" class=\"wp-block-spacer\"><\/div>\n","protected":false},"excerpt":{"rendered":"<p>Size daha iyi destek olabilmek i\u00e7in l\u00fctfen bizimle ileti\u015fime ge\u00e7in. info@basaranhukukofisi.com Bizi her zaman burada bulabilirsiniz. Mahmudye Mah. 4830 Sk. No:2 Soylu Business Plaza Kat:7 No:93 Akdeniz\/Mersin<\/p>\n","protected":false},"author":1,"featured_media":0,"parent":0,"menu_order":0,"comment_status":"closed","ping_status":"closed","template":"","meta":[],"yoast_head":"<!-- This site is optimized with the Yoast SEO plugin v17.9 - https:\/\/yoast.com\/wordpress\/plugins\/seo\/ -->\n<title>\u0130leti\u015fim - Ba\u015faran Hukuk<\/title>\n<meta name=\"robots\" content=\"index, follow, max-snippet:-1, max-image-preview:large, max-video-preview:-1\" \/>\n<link rel=\"canonical\" href=\"http:\/\/www.basaranhukukofisi.com\/index.php\/iletisim\/\" \/>\n<meta property=\"og:locale\" content=\"tr_TR\" \/>\n<meta property=\"og:type\" content=\"article\" \/>\n<meta property=\"og:title\" content=\"\u0130leti\u015fim - Ba\u015faran Hukuk\" \/>\n<meta property=\"og:description\" content=\"Size daha iyi destek olabilmek i\u00e7in l\u00fctfen bizimle ileti\u015fime ge\u00e7in. info@basaranhukukofisi.com Bizi her zaman burada bulabilirsiniz. Mahmudye Mah. 4830 Sk. No:2 Soylu Business Plaza Kat:7 No:93 Akdeniz\/Mersin\" \/>\n<meta property=\"og:url\" content=\"http:\/\/www.basaranhukukofisi.com\/index.php\/iletisim\/\" \/>\n<meta property=\"og:site_name\" content=\"Ba\u015faran Hukuk\" \/>\n<meta property=\"article:modified_time\" content=\"2022-02-03T20:08:32+00:00\" \/>\n<meta name=\"twitter:card\" content=\"summary_large_image\" \/>\n<meta name=\"twitter:label1\" content=\"Est. reading time\" \/>\n\t<meta name=\"twitter:data1\" content=\"1 dakika\" \/>\n<script type=\"application\/ld+json\" class=\"yoast-schema-graph\">{\"@context\":\"https:\/\/schema.org\",\"@graph\":[{\"@type\":\"Organization\",\"@id\":\"http:\/\/www.basaranhukukofisi.com\/#organization\",\"name\":\"Ba\\u015faran Hukuk Ofisi\",\"url\":\"http:\/\/www.basaranhukukofisi.com\/\",\"sameAs\":[],\"logo\":{\"@type\":\"ImageObject\",\"@id\":\"http:\/\/www.basaranhukukofisi.com\/#logo\",\"inLanguage\":\"tr\",\"url\":\"http:\/\/www.basaranhukukofisi.com\/wp-content\/uploads\/2022\/02\/cropped-512.png\",\"contentUrl\":\"http:\/\/www.basaranhukukofisi.com\/wp-content\/uploads\/2022\/02\/cropped-512.png\",\"width\":512,\"height\":512,\"caption\":\"Ba\\u015faran Hukuk Ofisi\"},\"image\":{\"@id\":\"http:\/\/www.basaranhukukofisi.com\/#logo\"}},{\"@type\":\"WebSite\",\"@id\":\"http:\/\/www.basaranhukukofisi.com\/#website\",\"url\":\"http:\/\/www.basaranhukukofisi.com\/\",\"name\":\"Ba\\u015faran Hukuk\",\"description\":\"\",\"publisher\":{\"@id\":\"http:\/\/www.basaranhukukofisi.com\/#organization\"},\"potentialAction\":[{\"@type\":\"SearchAction\",\"target\":{\"@type\":\"EntryPoint\",\"urlTemplate\":\"http:\/\/www.basaranhukukofisi.com\/?s={search_term_string}\"},\"query-input\":\"required name=search_term_string\"}],\"inLanguage\":\"tr\"},{\"@type\":\"WebPage\",\"@id\":\"http:\/\/www.basaranhukukofisi.com\/index.php\/iletisim\/#webpage\",\"url\":\"http:\/\/www.basaranhukukofisi.com\/index.php\/iletisim\/\",\"name\":\"\\u0130leti\\u015fim - Ba\\u015faran Hukuk\",\"isPartOf\":{\"@id\":\"http:\/\/www.basaranhukukofisi.com\/#website\"},\"datePublished\":\"2022-01-23T13:17:48+00:00\",\"dateModified\":\"2022-02-03T20:08:32+00:00\",\"breadcrumb\":{\"@id\":\"http:\/\/www.basaranhukukofisi.com\/index.php\/iletisim\/#breadcrumb\"},\"inLanguage\":\"tr\",\"potentialAction\":[{\"@type\":\"ReadAction\",\"target\":[\"http:\/\/www.basaranhukukofisi.com\/index.php\/iletisim\/\"]}]},{\"@type\":\"BreadcrumbList\",\"@id\":\"http:\/\/www.basaranhukukofisi.com\/index.php\/iletisim\/#breadcrumb\",\"itemListElement\":[{\"@type\":\"ListItem\",\"position\":1,\"name\":\"Home\",\"item\":\"http:\/\/www.basaranhukukofisi.com\/\"},{\"@type\":\"ListItem\",\"position\":2,\"name\":\"\\u0130leti\\u015fim\"}]}]}<\/script>\n<!-- \/ Yoast SEO plugin. -->","yoast_head_json":{"title":"\u0130leti\u015fim - Ba\u015faran Hukuk","robots":{"index":"index","follow":"follow","max-snippet":"max-snippet:-1","max-image-preview":"max-image-preview:large","max-video-preview":"max-video-preview:-1"},"canonical":"http:\/\/www.basaranhukukofisi.com\/index.php\/iletisim\/","og_locale":"tr_TR","og_type":"article","og_title":"\u0130leti\u015fim - Ba\u015faran Hukuk","og_description":"Size daha iyi destek olabilmek i\u00e7in l\u00fctfen bizimle ileti\u015fime ge\u00e7in. info@basaranhukukofisi.com Bizi her zaman burada bulabilirsiniz. Mahmudye Mah. 4830 Sk. No:2 Soylu Business Plaza Kat:7 No:93 Akdeniz\/Mersin","og_url":"http:\/\/www.basaranhukukofisi.com\/index.php\/iletisim\/","og_site_name":"Ba\u015faran Hukuk","article_modified_time":"2022-02-03T20:08:32+00:00","twitter_card":"summary_large_image","twitter_misc":{"Est. reading time":"1 dakika"},"schema":{"@context":"https:\/\/schema.org","@graph":[{"@type":"Organization","@id":"http:\/\/www.basaranhukukofisi.com\/#organization","name":"Ba\u015faran Hukuk Ofisi","url":"http:\/\/www.basaranhukukofisi.com\/","sameAs":[],"logo":{"@type":"ImageObject","@id":"http:\/\/www.basaranhukukofisi.com\/#logo","inLanguage":"tr","url":"http:\/\/www.basaranhukukofisi.com\/wp-content\/uploads\/2022\/02\/cropped-512.png","contentUrl":"http:\/\/www.basaranhukukofisi.com\/wp-content\/uploads\/2022\/02\/cropped-512.png","width":512,"height":512,"caption":"Ba\u015faran Hukuk Ofisi"},"image":{"@id":"http:\/\/www.basaranhukukofisi.com\/#logo"}},{"@type":"WebSite","@id":"http:\/\/www.basaranhukukofisi.com\/#website","url":"http:\/\/www.basaranhukukofisi.com\/","name":"Ba\u015faran Hukuk","description":"","publisher":{"@id":"http:\/\/www.basaranhukukofisi.com\/#organization"},"potentialAction":[{"@type":"SearchAction","target":{"@type":"EntryPoint","urlTemplate":"http:\/\/www.basaranhukukofisi.com\/?s={search_term_string}"},"query-input":"required name=search_term_string"}],"inLanguage":"tr"},{"@type":"WebPage","@id":"http:\/\/www.basaranhukukofisi.com\/index.php\/iletisim\/#webpage","url":"http:\/\/www.basaranhukukofisi.com\/index.php\/iletisim\/","name":"\u0130leti\u015fim - Ba\u015faran Hukuk","isPartOf":{"@id":"http:\/\/www.basaranhukukofisi.com\/#website"},"datePublished":"2022-01-23T13:17:48+00:00","dateModified":"2022-02-03T20:08:32+00:00","breadcrumb":{"@id":"http:\/\/www.basaranhukukofisi.com\/index.php\/iletisim\/#breadcrumb"},"inLanguage":"tr","potentialAction":[{"@type":"ReadAction","target":["http:\/\/www.basaranhukukofisi.com\/index.php\/iletisim\/"]}]},{"@type":"BreadcrumbList","@id":"http:\/\/www.basaranhukukofisi.com\/index.php\/iletisim\/#breadcrumb","itemListElement":[{"@type":"ListItem","position":1,"name":"Home","item":"http:\/\/www.basaranhukukofisi.com\/"},{"@type":"ListItem","position":2,"name":"\u0130leti\u015fim"}]}]}},"_links":{"self":[{"href":"http:\/\/www.basaranhukukofisi.com\/index.php\/wp-json\/wp\/v2\/pages\/2"}],"collection":[{"href":"http:\/\/www.basaranhukukofisi.com\/index.php\/wp-json\/wp\/v2\/pages"}],"about":[{"href":"http:\/\/www.basaranhukukofisi.com\/index.php\/wp-json\/wp\/v2\/types\/page"}],"author":[{"embeddable":true,"href":"http:\/\/www.basaranhukukofisi.com\/index.php\/wp-json\/wp\/v2\/users\/1"}],"replies":[{"embeddable":true,"href":"http:\/\/www.basaranhukukofisi.com\/index.php\/wp-json\/wp\/v2\/comments?post=2"}],"version-history":[{"count":12,"href":"http:\/\/www.basaranhukukofisi.com\/index.php\/wp-json\/wp\/v2\/pages\/2\/revisions"}],"predecessor-version":[{"id":103,"href":"http:\/\/www.basaranhukukofisi.com\/index.php\/wp-json\/wp\/v2\/pages\/2\/revisions\/103"}],"wp:attachment":[{"href":"http:\/\/www.basaranhukukofisi.com\/index.php\/wp-json\/wp\/v2\/media?parent=2"}],"curies":[{"name":"wp","href":"https:\/\/api.w.org\/{rel}","templated":true}]}}